{"id":9638,"date":"2022-07-16T10:40:14","date_gmt":"2022-07-16T10:40:14","guid":{"rendered":"http:\/\/pravnizapisi.rs\/?page_id=9638"},"modified":"2022-08-09T10:49:53","modified_gmt":"2022-08-09T10:49:53","slug":"9638-2","status":"publish","type":"page","link":"https:\/\/www.pravnizapisi.rs\/en\/pravni-zapisi-1-2022\/9638-2\/","title":{"rendered":""},"content":{"rendered":"<p style=\"text-align: center;\">PRAVNI ZAPISI \u2022 Year XIII \u2022 No. 1 \u2022 pp. 129-153<\/p>\n<h3><strong>HUMAN RIGHTS OF FOREIGNERS REFUSED ENTRY AND DETAINED AT AIRPORT TRANSIT ZONES: FROM NOVAK \u0110OKOVI\u0106 SAGA TO THE ARBITRARY DETENTION OF H.G.D.<\/strong><\/h3>\n<figure id=\"attachment_9398\" aria-describedby=\"caption-attachment-9398\" style=\"width: 95px\" class=\"wp-caption alignright\"><a href=\"https:\/\/pravnizapisi.rs\/wp-content\/uploads\/2022\/07\/PZ2022-01-07-Kovacevic.pdf\"><img loading=\"lazy\" decoding=\"async\" class=\"wp-image-9398\" src=\"https:\/\/pravnizapisi.rs\/wp-content\/uploads\/2021\/12\/Naslovna-2021-02.jpg\" alt=\"\" width=\"95\" height=\"141\" srcset=\"https:\/\/www.pravnizapisi.rs\/wp-content\/uploads\/2021\/12\/Naslovna-2021-02.jpg 808w, https:\/\/www.pravnizapisi.rs\/wp-content\/uploads\/2021\/12\/Naslovna-2021-02-202x300.jpg 202w, https:\/\/www.pravnizapisi.rs\/wp-content\/uploads\/2021\/12\/Naslovna-2021-02-689x1024.jpg 689w, https:\/\/www.pravnizapisi.rs\/wp-content\/uploads\/2021\/12\/Naslovna-2021-02-768x1141.jpg 768w, https:\/\/www.pravnizapisi.rs\/wp-content\/uploads\/2021\/12\/Naslovna-2021-02-624x927.jpg 624w\" sizes=\"auto, (max-width: 95px) 100vw, 95px\" \/><\/a><figcaption id=\"caption-attachment-9398\" class=\"wp-caption-text\"><em>Language: English<\/em><\/figcaption><\/figure>\n<h4><strong>Nikola Kova\u010devi\u0107<br \/>\n<\/strong><strong>Teaching Assistant, Union University Law School, Belgrade<br \/>\n<\/strong><strong>e-mail: <\/strong><a href=\"mailto:nikola.kovacevic@pravnifakultet.rs\"><strong>nikola.kovacevic@pravnifakultet.rs<\/strong><\/a><strong> \u00a0\u00a0\u00a0<\/strong><\/h4>\n<h4><\/h4>\n<p><span style=\"color: #ffffff;\">.<\/span><\/p>\n<p>Pravni zapisi, No. 1\/2022, pp. 129-153<\/p>\n<p>Original Scientific Article<\/p>\n<p style=\"text-align: justify;\"><strong>DOI<\/strong>: <a href=\"https:\/\/scindeks.ceon.rs\/article.aspx?query=ISSID%26and%2616283&amp;page=6&amp;sort=8&amp;stype=0&amp;backurl=%2fissue.aspx%3fissue%3d16283%26lang%3den&amp;lang=en\">10.5937\/pravzap0-37665<\/a><\/p>\n<p style=\"text-align: justify;\"><span style=\"text-decoration: underline;\"><strong>KEY WORDS<br \/>\n<\/strong><\/span>airport transit zone, right to liberty and security, rights of persons deprived of liberty, detention, deprivation of liberty<\/p>\n<p style=\"text-align: justify;\"><span style=\"text-decoration: underline;\"><strong>ABSTRACT<br \/>\n<\/strong><\/span>The right to liberty and security of persons, as well as individual\u2019s absolute right not to be ill-treated or sent to the territory of the State where one would face such risk, represent a cornerstone of refugee and migrant protection at all border crossings. However, regardless of the migration status of a foreigner arriving at the border control posts, an entire scope of human rights protects an individual from border police officers who exercise a State\u2019s sovereignty in controlling entry, stay and expulsion from its territory. This undisputable right of the State is not an absolute one, and it has to be performed in line with the international human rights law, but also international refugee law. Inspired by the case of Novak \u0110okovi\u0107, this paper deals with the legal status of foreigners who have been refused entry and detained at the airport transit zones. The practice at Belgrade airport will serve as a case study. The status of foreigners at the transit zone of the Nikola Tesla airport will be examined from the perspective of the right to liberty and security and the standards which arose from the practice of the European Court of Human Rights.<\/p>\n","protected":false},"excerpt":{"rendered":"<p>PRAVNI ZAPISI \u2022 Year XIII \u2022 No. 1 \u2022 pp. 129-153 HUMAN RIGHTS OF FOREIGNERS REFUSED ENTRY AND DETAINED AT AIRPORT TRANSIT ZONES: FROM NOVAK \u0110OKOVI\u0106 SAGA TO THE ARBITRARY DETENTION OF H.G.D. Nikola Kova\u010devi\u0107 Teaching Assistant, Union University Law School, Belgrade e-mail: nikola.kovacevic@pravnifakultet.rs \u00a0\u00a0\u00a0 . Pravni zapisi, No. 1\/2022, pp. 129-153 Original Scientific Article DOI: 10.5937\/pravzap0-37665 KEY WORDS airport transit zone, right to liberty and security, rights of persons deprived of liberty, detention, deprivation of liberty ABSTRACT The right to liberty and security of persons, as well as individual\u2019s absolute right not to be ill-treated or sent to the [&hellip;]<\/p>\n","protected":false},"author":4,"featured_media":0,"parent":9549,"menu_order":0,"comment_status":"closed","ping_status":"closed","template":"template-article.php","meta":{"footnotes":""},"class_list":["post-9638","page","type-page","status-publish","hentry"],"yoast_head":"<!-- This site is optimized with the Yoast SEO plugin v27.1.1 - https:\/\/yoast.com\/product\/yoast-seo-wordpress\/ -->\n<title>- Pravni Zapisi<\/title>\n<meta name=\"robots\" content=\"index, follow, max-snippet:-1, max-image-preview:large, max-video-preview:-1\" \/>\n<link rel=\"canonical\" href=\"https:\/\/www.pravnizapisi.rs\/en\/pravni-zapisi-1-2022\/9638-2\/\" \/>\n<meta property=\"og:locale\" content=\"en_US\" \/>\n<meta property=\"og:type\" content=\"article\" \/>\n<meta property=\"og:title\" content=\"- Pravni Zapisi\" \/>\n<meta property=\"og:description\" content=\"PRAVNI ZAPISI \u2022 Year XIII \u2022 No. 1 \u2022 pp. 129-153 HUMAN RIGHTS OF FOREIGNERS REFUSED ENTRY AND DETAINED AT AIRPORT TRANSIT ZONES: FROM NOVAK \u0110OKOVI\u0106 SAGA TO THE ARBITRARY DETENTION OF H.G.D. Nikola Kova\u010devi\u0107 Teaching Assistant, Union University Law School, Belgrade e-mail: nikola.kovacevic@pravnifakultet.rs \u00a0\u00a0\u00a0 . Pravni zapisi, No. 1\/2022, pp. 129-153 Original Scientific Article DOI: 10.5937\/pravzap0-37665 KEY WORDS airport transit zone, right to liberty and security, rights of persons deprived of liberty, detention, deprivation of liberty ABSTRACT The right to liberty and security of persons, as well as individual\u2019s absolute right not to be ill-treated or sent to the [&hellip;]\" \/>\n<meta property=\"og:url\" content=\"https:\/\/www.pravnizapisi.rs\/en\/pravni-zapisi-1-2022\/9638-2\/\" \/>\n<meta property=\"og:site_name\" content=\"Pravni Zapisi\" \/>\n<meta property=\"article:modified_time\" content=\"2022-08-09T10:49:53+00:00\" \/>\n<meta property=\"og:image\" content=\"https:\/\/www.pravnizapisi.rs\/wp-content\/uploads\/2022\/07\/Korica12022-scaled-e1657964113601.jpg\" \/>\n\t<meta property=\"og:image:width\" content=\"1978\" \/>\n\t<meta property=\"og:image:height\" content=\"2560\" \/>\n\t<meta property=\"og:image:type\" content=\"image\/jpeg\" \/>\n<meta name=\"twitter:card\" content=\"summary_large_image\" \/>\n<meta name=\"twitter:image\" content=\"https:\/\/www.pravnizapisi.rs\/wp-content\/uploads\/2022\/07\/Korica12022-scaled-e1657964113601.jpg\" \/>\n<meta name=\"twitter:label1\" content=\"Est. reading time\" \/>\n\t<meta name=\"twitter:data1\" content=\"2 minutes\" \/>\n<script type=\"application\/ld+json\" class=\"yoast-schema-graph\">{\"@context\":\"https:\/\/schema.org\",\"@graph\":[{\"@type\":\"WebPage\",\"@id\":\"https:\/\/www.pravnizapisi.rs\/en\/pravni-zapisi-1-2022\/9638-2\/\",\"url\":\"https:\/\/www.pravnizapisi.rs\/en\/pravni-zapisi-1-2022\/9638-2\/\",\"name\":\"- Pravni Zapisi\",\"isPartOf\":{\"@id\":\"https:\/\/pravnizapisi.rs\/#website\"},\"primaryImageOfPage\":{\"@id\":\"https:\/\/www.pravnizapisi.rs\/en\/pravni-zapisi-1-2022\/9638-2\/#primaryimage\"},\"image\":{\"@id\":\"https:\/\/www.pravnizapisi.rs\/en\/pravni-zapisi-1-2022\/9638-2\/#primaryimage\"},\"thumbnailUrl\":\"https:\/\/pravnizapisi.rs\/wp-content\/uploads\/2021\/12\/Naslovna-2021-02.jpg\",\"datePublished\":\"2022-07-16T10:40:14+00:00\",\"dateModified\":\"2022-08-09T10:49:53+00:00\",\"breadcrumb\":{\"@id\":\"https:\/\/www.pravnizapisi.rs\/en\/pravni-zapisi-1-2022\/9638-2\/#breadcrumb\"},\"inLanguage\":\"en-US\",\"potentialAction\":[{\"@type\":\"ReadAction\",\"target\":[\"https:\/\/www.pravnizapisi.rs\/en\/pravni-zapisi-1-2022\/9638-2\/\"]}]},{\"@type\":\"ImageObject\",\"inLanguage\":\"en-US\",\"@id\":\"https:\/\/www.pravnizapisi.rs\/en\/pravni-zapisi-1-2022\/9638-2\/#primaryimage\",\"url\":\"https:\/\/pravnizapisi.rs\/wp-content\/uploads\/2021\/12\/Naslovna-2021-02.jpg\",\"contentUrl\":\"https:\/\/pravnizapisi.rs\/wp-content\/uploads\/2021\/12\/Naslovna-2021-02.jpg\"},{\"@type\":\"BreadcrumbList\",\"@id\":\"https:\/\/www.pravnizapisi.rs\/en\/pravni-zapisi-1-2022\/9638-2\/#breadcrumb\",\"itemListElement\":[{\"@type\":\"ListItem\",\"position\":1,\"name\":\"\u041f\u043e\u0447\u0435\u0442\u043d\u0430\",\"item\":\"https:\/\/www.pravnizapisi.rs\/en\/\"},{\"@type\":\"ListItem\",\"position\":2,\"name\":\"Pravni zapisi 1\/2022\",\"item\":\"https:\/\/www.pravnizapisi.rs\/en\/pravni-zapisi-1-2022\/\"}]},{\"@type\":\"WebSite\",\"@id\":\"https:\/\/pravnizapisi.rs\/#website\",\"url\":\"https:\/\/pravnizapisi.rs\/\",\"name\":\"Pravni Zapisi\",\"description\":\"\",\"publisher\":{\"@id\":\"https:\/\/pravnizapisi.rs\/#organization\"},\"potentialAction\":[{\"@type\":\"SearchAction\",\"target\":{\"@type\":\"EntryPoint\",\"urlTemplate\":\"https:\/\/pravnizapisi.rs\/?s={search_term_string}\"},\"query-input\":{\"@type\":\"PropertyValueSpecification\",\"valueRequired\":true,\"valueName\":\"search_term_string\"}}],\"inLanguage\":\"en-US\"},{\"@type\":\"Organization\",\"@id\":\"https:\/\/pravnizapisi.rs\/#organization\",\"name\":\"Pravni Zapisi\",\"url\":\"https:\/\/pravnizapisi.rs\/\",\"logo\":{\"@type\":\"ImageObject\",\"inLanguage\":\"en-US\",\"@id\":\"https:\/\/pravnizapisi.rs\/#\/schema\/logo\/image\/\",\"url\":\"https:\/\/www.pravnizapisi.rs\/wp-content\/uploads\/2019\/11\/cropped-Header-logo-srb-1-1.jpg\",\"contentUrl\":\"https:\/\/www.pravnizapisi.rs\/wp-content\/uploads\/2019\/11\/cropped-Header-logo-srb-1-1.jpg\",\"width\":580,\"height\":80,\"caption\":\"Pravni Zapisi\"},\"image\":{\"@id\":\"https:\/\/pravnizapisi.rs\/#\/schema\/logo\/image\/\"}}]}<\/script>\n<!-- \/ Yoast SEO plugin. -->","yoast_head_json":{"title":"- Pravni Zapisi","robots":{"index":"index","follow":"follow","max-snippet":"max-snippet:-1","max-image-preview":"max-image-preview:large","max-video-preview":"max-video-preview:-1"},"canonical":"https:\/\/www.pravnizapisi.rs\/en\/pravni-zapisi-1-2022\/9638-2\/","og_locale":"en_US","og_type":"article","og_title":"- Pravni Zapisi","og_description":"PRAVNI ZAPISI \u2022 Year XIII \u2022 No. 1 \u2022 pp. 129-153 HUMAN RIGHTS OF FOREIGNERS REFUSED ENTRY AND DETAINED AT AIRPORT TRANSIT ZONES: FROM NOVAK \u0110OKOVI\u0106 SAGA TO THE ARBITRARY DETENTION OF H.G.D. Nikola Kova\u010devi\u0107 Teaching Assistant, Union University Law School, Belgrade e-mail: nikola.kovacevic@pravnifakultet.rs \u00a0\u00a0\u00a0 . Pravni zapisi, No. 1\/2022, pp. 129-153 Original Scientific Article DOI: 10.5937\/pravzap0-37665 KEY WORDS airport transit zone, right to liberty and security, rights of persons deprived of liberty, detention, deprivation of liberty ABSTRACT The right to liberty and security of persons, as well as individual\u2019s absolute right not to be ill-treated or sent to the [&hellip;]","og_url":"https:\/\/www.pravnizapisi.rs\/en\/pravni-zapisi-1-2022\/9638-2\/","og_site_name":"Pravni Zapisi","article_modified_time":"2022-08-09T10:49:53+00:00","og_image":[{"width":1978,"height":2560,"url":"https:\/\/www.pravnizapisi.rs\/wp-content\/uploads\/2022\/07\/Korica12022-scaled-e1657964113601.jpg","type":"image\/jpeg"}],"twitter_card":"summary_large_image","twitter_image":"https:\/\/www.pravnizapisi.rs\/wp-content\/uploads\/2022\/07\/Korica12022-scaled-e1657964113601.jpg","twitter_misc":{"Est. reading time":"2 minutes"},"schema":{"@context":"https:\/\/schema.org","@graph":[{"@type":"WebPage","@id":"https:\/\/www.pravnizapisi.rs\/en\/pravni-zapisi-1-2022\/9638-2\/","url":"https:\/\/www.pravnizapisi.rs\/en\/pravni-zapisi-1-2022\/9638-2\/","name":"- Pravni Zapisi","isPartOf":{"@id":"https:\/\/pravnizapisi.rs\/#website"},"primaryImageOfPage":{"@id":"https:\/\/www.pravnizapisi.rs\/en\/pravni-zapisi-1-2022\/9638-2\/#primaryimage"},"image":{"@id":"https:\/\/www.pravnizapisi.rs\/en\/pravni-zapisi-1-2022\/9638-2\/#primaryimage"},"thumbnailUrl":"https:\/\/pravnizapisi.rs\/wp-content\/uploads\/2021\/12\/Naslovna-2021-02.jpg","datePublished":"2022-07-16T10:40:14+00:00","dateModified":"2022-08-09T10:49:53+00:00","breadcrumb":{"@id":"https:\/\/www.pravnizapisi.rs\/en\/pravni-zapisi-1-2022\/9638-2\/#breadcrumb"},"inLanguage":"en-US","potentialAction":[{"@type":"ReadAction","target":["https:\/\/www.pravnizapisi.rs\/en\/pravni-zapisi-1-2022\/9638-2\/"]}]},{"@type":"ImageObject","inLanguage":"en-US","@id":"https:\/\/www.pravnizapisi.rs\/en\/pravni-zapisi-1-2022\/9638-2\/#primaryimage","url":"https:\/\/pravnizapisi.rs\/wp-content\/uploads\/2021\/12\/Naslovna-2021-02.jpg","contentUrl":"https:\/\/pravnizapisi.rs\/wp-content\/uploads\/2021\/12\/Naslovna-2021-02.jpg"},{"@type":"BreadcrumbList","@id":"https:\/\/www.pravnizapisi.rs\/en\/pravni-zapisi-1-2022\/9638-2\/#breadcrumb","itemListElement":[{"@type":"ListItem","position":1,"name":"\u041f\u043e\u0447\u0435\u0442\u043d\u0430","item":"https:\/\/www.pravnizapisi.rs\/en\/"},{"@type":"ListItem","position":2,"name":"Pravni zapisi 1\/2022","item":"https:\/\/www.pravnizapisi.rs\/en\/pravni-zapisi-1-2022\/"}]},{"@type":"WebSite","@id":"https:\/\/pravnizapisi.rs\/#website","url":"https:\/\/pravnizapisi.rs\/","name":"Pravni Zapisi","description":"","publisher":{"@id":"https:\/\/pravnizapisi.rs\/#organization"},"potentialAction":[{"@type":"SearchAction","target":{"@type":"EntryPoint","urlTemplate":"https:\/\/pravnizapisi.rs\/?s={search_term_string}"},"query-input":{"@type":"PropertyValueSpecification","valueRequired":true,"valueName":"search_term_string"}}],"inLanguage":"en-US"},{"@type":"Organization","@id":"https:\/\/pravnizapisi.rs\/#organization","name":"Pravni Zapisi","url":"https:\/\/pravnizapisi.rs\/","logo":{"@type":"ImageObject","inLanguage":"en-US","@id":"https:\/\/pravnizapisi.rs\/#\/schema\/logo\/image\/","url":"https:\/\/www.pravnizapisi.rs\/wp-content\/uploads\/2019\/11\/cropped-Header-logo-srb-1-1.jpg","contentUrl":"https:\/\/www.pravnizapisi.rs\/wp-content\/uploads\/2019\/11\/cropped-Header-logo-srb-1-1.jpg","width":580,"height":80,"caption":"Pravni Zapisi"},"image":{"@id":"https:\/\/pravnizapisi.rs\/#\/schema\/logo\/image\/"}}]}},"_links":{"self":[{"href":"https:\/\/www.pravnizapisi.rs\/en\/wp-json\/wp\/v2\/pages\/9638","targetHints":{"allow":["GET"]}}],"collection":[{"href":"https:\/\/www.pravnizapisi.rs\/en\/wp-json\/wp\/v2\/pages"}],"about":[{"href":"https:\/\/www.pravnizapisi.rs\/en\/wp-json\/wp\/v2\/types\/page"}],"author":[{"embeddable":true,"href":"https:\/\/www.pravnizapisi.rs\/en\/wp-json\/wp\/v2\/users\/4"}],"replies":[{"embeddable":true,"href":"https:\/\/www.pravnizapisi.rs\/en\/wp-json\/wp\/v2\/comments?post=9638"}],"version-history":[{"count":0,"href":"https:\/\/www.pravnizapisi.rs\/en\/wp-json\/wp\/v2\/pages\/9638\/revisions"}],"up":[{"embeddable":true,"href":"https:\/\/www.pravnizapisi.rs\/en\/wp-json\/wp\/v2\/pages\/9549"}],"wp:attachment":[{"href":"https:\/\/www.pravnizapisi.rs\/en\/wp-json\/wp\/v2\/media?parent=9638"}],"curies":[{"name":"wp","href":"https:\/\/api.w.org\/{rel}","templated":true}]}}