{"id":9675,"date":"2022-07-16T12:52:23","date_gmt":"2022-07-16T12:52:23","guid":{"rendered":"http:\/\/pravnizapisi.rs\/?page_id=9675"},"modified":"2022-08-09T10:55:04","modified_gmt":"2022-08-09T10:55:04","slug":"9675-2","status":"publish","type":"page","link":"https:\/\/www.pravnizapisi.rs\/en\/pravni-zapisi-1-2022\/9675-2\/","title":{"rendered":""},"content":{"rendered":"<p style=\"text-align: center;\">PRAVNI ZAPISI \u2022 Year XIII \u2022 No. 1 \u2022 pp. 240-260<\/p>\n<h3><strong>THE PERSPECTIVES OF SAME-SEX PARENTING IN SERBIA: BETWEEN NEEDS AND OPPORTUNITIES<\/strong><\/h3>\n<figure id=\"attachment_9398\" aria-describedby=\"caption-attachment-9398\" style=\"width: 95px\" class=\"wp-caption alignright\"><a href=\"https:\/\/pravnizapisi.rs\/wp-content\/uploads\/2022\/07\/PZ2022-01-12-Vlaskovic-Arsic.pdf\"><img loading=\"lazy\" decoding=\"async\" class=\"wp-image-9398\" src=\"https:\/\/pravnizapisi.rs\/wp-content\/uploads\/2021\/12\/Naslovna-2021-02.jpg\" alt=\"\" width=\"95\" height=\"141\" srcset=\"https:\/\/www.pravnizapisi.rs\/wp-content\/uploads\/2021\/12\/Naslovna-2021-02.jpg 808w, https:\/\/www.pravnizapisi.rs\/wp-content\/uploads\/2021\/12\/Naslovna-2021-02-202x300.jpg 202w, https:\/\/www.pravnizapisi.rs\/wp-content\/uploads\/2021\/12\/Naslovna-2021-02-689x1024.jpg 689w, https:\/\/www.pravnizapisi.rs\/wp-content\/uploads\/2021\/12\/Naslovna-2021-02-768x1141.jpg 768w, https:\/\/www.pravnizapisi.rs\/wp-content\/uploads\/2021\/12\/Naslovna-2021-02-624x927.jpg 624w\" sizes=\"auto, (max-width: 95px) 100vw, 95px\" \/><\/a><figcaption id=\"caption-attachment-9398\" class=\"wp-caption-text\"><em>Language: Serbian<\/em><\/figcaption><\/figure>\n<h4><strong>Veljko Vla\u0161kovi\u0107<br \/>\n<\/strong><strong>Associate Professor, University of Kragujevac Law School, Kragujevac<br \/>\n<\/strong><strong>e-mail:<\/strong> <a href=\"mailto:vvlaskovic@jura.kg.ac.rs\">vvlaskovic@jura.kg.ac.rs<\/a><\/h4>\n<h4><strong>Jelena Arsi\u0107<br \/>\n<\/strong><strong>Associate Professor, <\/strong><strong>Union University Law School<\/strong><strong>, Belgrade<br \/>\n<\/strong><strong>e-mail: <\/strong><strong><a href=\"mailto:jelena.arsic@pravnifakultet.rs\">jelena.arsic@pravnifakultet.rs<\/a><\/strong><strong>\u00a0 \u00a0<\/strong><\/h4>\n<h4><\/h4>\n<p><span style=\"color: #ffffff;\">.<\/span><\/p>\n<p>Pravni zapisi, No. 1\/2022, pp. 240-260<\/p>\n<p>Original Scientific Article<\/p>\n<p style=\"text-align: justify;\"><strong>DOI<\/strong>: <a href=\"https:\/\/scindeks.ceon.rs\/article.aspx?query=ISSID%26and%2616283&amp;page=10&amp;sort=8&amp;stype=0&amp;backurl=%2fissue.aspx%3fissue%3d16283%26lang%3den&amp;lang=en\">10.5937\/pravzap0-37422<\/a><\/p>\n<p style=\"text-align: justify;\"><span style=\"text-decoration: underline;\"><strong>KEY WORDS<br \/>\n<\/strong><\/span>same-sex union, same-sex partner, parenting, child, best interests of the child<\/p>\n<p style=\"text-align: justify;\"><span style=\"text-decoration: underline;\"><strong>ABSTRACT<br \/>\n<\/strong><\/span>In the context of current aspirations in terms of drafting and adopting a regulation that would finally legalize same-sex unions in Serbia, particularly important issue relates to the effect of same-sex union on the legal position of a child in such unity. The recently published text of the Draft Law on Same-Sex Unions undoubtedly opens the space for considering certain solutions related to the rights and obligations of a same-sex partner of a parent of the child, which is of direct importance in terms of exercising rights of the child in family relations. Based on these provisions, the authors seek to analyze legal possibilities and restrictions regarding the regulation of parental duties and rights of the child in the context of same-sex unions in Serbia. In these efforts, the authors commence from the relevant legal framework that regulates family relations, and thereby indicate some possible solutions.<\/p>\n","protected":false},"excerpt":{"rendered":"<p>PRAVNI ZAPISI \u2022 Year XIII \u2022 No. 1 \u2022 pp. 240-260 THE PERSPECTIVES OF SAME-SEX PARENTING IN SERBIA: BETWEEN NEEDS AND OPPORTUNITIES Veljko Vla\u0161kovi\u0107 Associate Professor, University of Kragujevac Law School, Kragujevac e-mail: vvlaskovic@jura.kg.ac.rs Jelena Arsi\u0107 Associate Professor, Union University Law School, Belgrade e-mail: jelena.arsic@pravnifakultet.rs\u00a0 \u00a0 . Pravni zapisi, No. 1\/2022, pp. 240-260 Original Scientific Article DOI: 10.5937\/pravzap0-37422 KEY WORDS same-sex union, same-sex partner, parenting, child, best interests of the child ABSTRACT In the context of current aspirations in terms of drafting and adopting a regulation that would finally legalize same-sex unions in Serbia, particularly important issue relates to the [&hellip;]<\/p>\n","protected":false},"author":4,"featured_media":0,"parent":9549,"menu_order":0,"comment_status":"closed","ping_status":"closed","template":"template-article.php","meta":{"footnotes":""},"class_list":["post-9675","page","type-page","status-publish","hentry"],"yoast_head":"<!-- This site is optimized with the Yoast SEO plugin v27.1.1 - https:\/\/yoast.com\/product\/yoast-seo-wordpress\/ -->\n<title>- Pravni Zapisi<\/title>\n<meta name=\"robots\" content=\"index, follow, max-snippet:-1, max-image-preview:large, max-video-preview:-1\" \/>\n<link rel=\"canonical\" href=\"https:\/\/www.pravnizapisi.rs\/pravni-zapisi-1-2022\/9671-2\/\" \/>\n<meta property=\"og:locale\" content=\"en_US\" \/>\n<meta property=\"og:type\" content=\"article\" \/>\n<meta property=\"og:title\" content=\"- Pravni Zapisi\" \/>\n<meta property=\"og:description\" content=\"PRAVNI ZAPISI \u2022 Year XIII \u2022 No. 1 \u2022 pp. 240-260 THE PERSPECTIVES OF SAME-SEX PARENTING IN SERBIA: BETWEEN NEEDS AND OPPORTUNITIES Veljko Vla\u0161kovi\u0107 Associate Professor, University of Kragujevac Law School, Kragujevac e-mail: vvlaskovic@jura.kg.ac.rs Jelena Arsi\u0107 Associate Professor, Union University Law School, Belgrade e-mail: jelena.arsic@pravnifakultet.rs\u00a0 \u00a0 . Pravni zapisi, No. 1\/2022, pp. 240-260 Original Scientific Article DOI: 10.5937\/pravzap0-37422 KEY WORDS same-sex union, same-sex partner, parenting, child, best interests of the child ABSTRACT In the context of current aspirations in terms of drafting and adopting a regulation that would finally legalize same-sex unions in Serbia, particularly important issue relates to the [&hellip;]\" \/>\n<meta property=\"og:url\" content=\"https:\/\/www.pravnizapisi.rs\/pravni-zapisi-1-2022\/9671-2\/\" \/>\n<meta property=\"og:site_name\" content=\"Pravni Zapisi\" \/>\n<meta property=\"article:modified_time\" content=\"2022-08-09T10:55:04+00:00\" \/>\n<meta property=\"og:image\" content=\"https:\/\/www.pravnizapisi.rs\/wp-content\/uploads\/2022\/07\/Korica12022-scaled-e1657964113601.jpg\" \/>\n\t<meta property=\"og:image:width\" content=\"1978\" \/>\n\t<meta property=\"og:image:height\" content=\"2560\" \/>\n\t<meta property=\"og:image:type\" content=\"image\/jpeg\" \/>\n<meta name=\"twitter:card\" content=\"summary_large_image\" \/>\n<meta name=\"twitter:image\" content=\"https:\/\/www.pravnizapisi.rs\/wp-content\/uploads\/2022\/07\/Korica12022-scaled-e1657964113601.jpg\" \/>\n<meta name=\"twitter:label1\" content=\"Est. reading time\" \/>\n\t<meta name=\"twitter:data1\" content=\"2 minutes\" \/>\n<script type=\"application\/ld+json\" class=\"yoast-schema-graph\">{\"@context\":\"https:\/\/schema.org\",\"@graph\":[{\"@type\":\"WebPage\",\"@id\":\"https:\/\/www.pravnizapisi.rs\/pravni-zapisi-1-2022\/9671-2\/\",\"url\":\"https:\/\/www.pravnizapisi.rs\/pravni-zapisi-1-2022\/9671-2\/\",\"name\":\"- Pravni Zapisi\",\"isPartOf\":{\"@id\":\"https:\/\/pravnizapisi.rs\/#website\"},\"primaryImageOfPage\":{\"@id\":\"https:\/\/www.pravnizapisi.rs\/pravni-zapisi-1-2022\/9671-2\/#primaryimage\"},\"image\":{\"@id\":\"https:\/\/www.pravnizapisi.rs\/pravni-zapisi-1-2022\/9671-2\/#primaryimage\"},\"thumbnailUrl\":\"https:\/\/pravnizapisi.rs\/wp-content\/uploads\/2021\/12\/Naslovna-2021-02.jpg\",\"datePublished\":\"2022-07-16T12:52:23+00:00\",\"dateModified\":\"2022-08-09T10:55:04+00:00\",\"breadcrumb\":{\"@id\":\"https:\/\/www.pravnizapisi.rs\/pravni-zapisi-1-2022\/9671-2\/#breadcrumb\"},\"inLanguage\":\"en-US\",\"potentialAction\":[{\"@type\":\"ReadAction\",\"target\":[\"https:\/\/www.pravnizapisi.rs\/pravni-zapisi-1-2022\/9671-2\/\"]}]},{\"@type\":\"ImageObject\",\"inLanguage\":\"en-US\",\"@id\":\"https:\/\/www.pravnizapisi.rs\/pravni-zapisi-1-2022\/9671-2\/#primaryimage\",\"url\":\"https:\/\/pravnizapisi.rs\/wp-content\/uploads\/2021\/12\/Naslovna-2021-02.jpg\",\"contentUrl\":\"https:\/\/pravnizapisi.rs\/wp-content\/uploads\/2021\/12\/Naslovna-2021-02.jpg\"},{\"@type\":\"BreadcrumbList\",\"@id\":\"https:\/\/www.pravnizapisi.rs\/pravni-zapisi-1-2022\/9671-2\/#breadcrumb\",\"itemListElement\":[{\"@type\":\"ListItem\",\"position\":1,\"name\":\"\u041f\u043e\u0447\u0435\u0442\u043d\u0430\",\"item\":\"https:\/\/www.pravnizapisi.rs\/en\/\"},{\"@type\":\"ListItem\",\"position\":2,\"name\":\"Pravni zapisi 1\/2022\",\"item\":\"https:\/\/www.pravnizapisi.rs\/en\/pravni-zapisi-1-2022\/\"}]},{\"@type\":\"WebSite\",\"@id\":\"https:\/\/pravnizapisi.rs\/#website\",\"url\":\"https:\/\/pravnizapisi.rs\/\",\"name\":\"Pravni Zapisi\",\"description\":\"\",\"publisher\":{\"@id\":\"https:\/\/pravnizapisi.rs\/#organization\"},\"potentialAction\":[{\"@type\":\"SearchAction\",\"target\":{\"@type\":\"EntryPoint\",\"urlTemplate\":\"https:\/\/pravnizapisi.rs\/?s={search_term_string}\"},\"query-input\":{\"@type\":\"PropertyValueSpecification\",\"valueRequired\":true,\"valueName\":\"search_term_string\"}}],\"inLanguage\":\"en-US\"},{\"@type\":\"Organization\",\"@id\":\"https:\/\/pravnizapisi.rs\/#organization\",\"name\":\"Pravni Zapisi\",\"url\":\"https:\/\/pravnizapisi.rs\/\",\"logo\":{\"@type\":\"ImageObject\",\"inLanguage\":\"en-US\",\"@id\":\"https:\/\/pravnizapisi.rs\/#\/schema\/logo\/image\/\",\"url\":\"https:\/\/www.pravnizapisi.rs\/wp-content\/uploads\/2019\/11\/cropped-Header-logo-srb-1-1.jpg\",\"contentUrl\":\"https:\/\/www.pravnizapisi.rs\/wp-content\/uploads\/2019\/11\/cropped-Header-logo-srb-1-1.jpg\",\"width\":580,\"height\":80,\"caption\":\"Pravni Zapisi\"},\"image\":{\"@id\":\"https:\/\/pravnizapisi.rs\/#\/schema\/logo\/image\/\"}}]}<\/script>\n<!-- \/ Yoast SEO plugin. -->","yoast_head_json":{"title":"- Pravni Zapisi","robots":{"index":"index","follow":"follow","max-snippet":"max-snippet:-1","max-image-preview":"max-image-preview:large","max-video-preview":"max-video-preview:-1"},"canonical":"https:\/\/www.pravnizapisi.rs\/pravni-zapisi-1-2022\/9671-2\/","og_locale":"en_US","og_type":"article","og_title":"- Pravni Zapisi","og_description":"PRAVNI ZAPISI \u2022 Year XIII \u2022 No. 1 \u2022 pp. 240-260 THE PERSPECTIVES OF SAME-SEX PARENTING IN SERBIA: BETWEEN NEEDS AND OPPORTUNITIES Veljko Vla\u0161kovi\u0107 Associate Professor, University of Kragujevac Law School, Kragujevac e-mail: vvlaskovic@jura.kg.ac.rs Jelena Arsi\u0107 Associate Professor, Union University Law School, Belgrade e-mail: jelena.arsic@pravnifakultet.rs\u00a0 \u00a0 . Pravni zapisi, No. 1\/2022, pp. 240-260 Original Scientific Article DOI: 10.5937\/pravzap0-37422 KEY WORDS same-sex union, same-sex partner, parenting, child, best interests of the child ABSTRACT In the context of current aspirations in terms of drafting and adopting a regulation that would finally legalize same-sex unions in Serbia, particularly important issue relates to the [&hellip;]","og_url":"https:\/\/www.pravnizapisi.rs\/pravni-zapisi-1-2022\/9671-2\/","og_site_name":"Pravni Zapisi","article_modified_time":"2022-08-09T10:55:04+00:00","og_image":[{"width":1978,"height":2560,"url":"https:\/\/www.pravnizapisi.rs\/wp-content\/uploads\/2022\/07\/Korica12022-scaled-e1657964113601.jpg","type":"image\/jpeg"}],"twitter_card":"summary_large_image","twitter_image":"https:\/\/www.pravnizapisi.rs\/wp-content\/uploads\/2022\/07\/Korica12022-scaled-e1657964113601.jpg","twitter_misc":{"Est. reading time":"2 minutes"},"schema":{"@context":"https:\/\/schema.org","@graph":[{"@type":"WebPage","@id":"https:\/\/www.pravnizapisi.rs\/pravni-zapisi-1-2022\/9671-2\/","url":"https:\/\/www.pravnizapisi.rs\/pravni-zapisi-1-2022\/9671-2\/","name":"- Pravni Zapisi","isPartOf":{"@id":"https:\/\/pravnizapisi.rs\/#website"},"primaryImageOfPage":{"@id":"https:\/\/www.pravnizapisi.rs\/pravni-zapisi-1-2022\/9671-2\/#primaryimage"},"image":{"@id":"https:\/\/www.pravnizapisi.rs\/pravni-zapisi-1-2022\/9671-2\/#primaryimage"},"thumbnailUrl":"https:\/\/pravnizapisi.rs\/wp-content\/uploads\/2021\/12\/Naslovna-2021-02.jpg","datePublished":"2022-07-16T12:52:23+00:00","dateModified":"2022-08-09T10:55:04+00:00","breadcrumb":{"@id":"https:\/\/www.pravnizapisi.rs\/pravni-zapisi-1-2022\/9671-2\/#breadcrumb"},"inLanguage":"en-US","potentialAction":[{"@type":"ReadAction","target":["https:\/\/www.pravnizapisi.rs\/pravni-zapisi-1-2022\/9671-2\/"]}]},{"@type":"ImageObject","inLanguage":"en-US","@id":"https:\/\/www.pravnizapisi.rs\/pravni-zapisi-1-2022\/9671-2\/#primaryimage","url":"https:\/\/pravnizapisi.rs\/wp-content\/uploads\/2021\/12\/Naslovna-2021-02.jpg","contentUrl":"https:\/\/pravnizapisi.rs\/wp-content\/uploads\/2021\/12\/Naslovna-2021-02.jpg"},{"@type":"BreadcrumbList","@id":"https:\/\/www.pravnizapisi.rs\/pravni-zapisi-1-2022\/9671-2\/#breadcrumb","itemListElement":[{"@type":"ListItem","position":1,"name":"\u041f\u043e\u0447\u0435\u0442\u043d\u0430","item":"https:\/\/www.pravnizapisi.rs\/en\/"},{"@type":"ListItem","position":2,"name":"Pravni zapisi 1\/2022","item":"https:\/\/www.pravnizapisi.rs\/en\/pravni-zapisi-1-2022\/"}]},{"@type":"WebSite","@id":"https:\/\/pravnizapisi.rs\/#website","url":"https:\/\/pravnizapisi.rs\/","name":"Pravni Zapisi","description":"","publisher":{"@id":"https:\/\/pravnizapisi.rs\/#organization"},"potentialAction":[{"@type":"SearchAction","target":{"@type":"EntryPoint","urlTemplate":"https:\/\/pravnizapisi.rs\/?s={search_term_string}"},"query-input":{"@type":"PropertyValueSpecification","valueRequired":true,"valueName":"search_term_string"}}],"inLanguage":"en-US"},{"@type":"Organization","@id":"https:\/\/pravnizapisi.rs\/#organization","name":"Pravni Zapisi","url":"https:\/\/pravnizapisi.rs\/","logo":{"@type":"ImageObject","inLanguage":"en-US","@id":"https:\/\/pravnizapisi.rs\/#\/schema\/logo\/image\/","url":"https:\/\/www.pravnizapisi.rs\/wp-content\/uploads\/2019\/11\/cropped-Header-logo-srb-1-1.jpg","contentUrl":"https:\/\/www.pravnizapisi.rs\/wp-content\/uploads\/2019\/11\/cropped-Header-logo-srb-1-1.jpg","width":580,"height":80,"caption":"Pravni Zapisi"},"image":{"@id":"https:\/\/pravnizapisi.rs\/#\/schema\/logo\/image\/"}}]}},"_links":{"self":[{"href":"https:\/\/www.pravnizapisi.rs\/en\/wp-json\/wp\/v2\/pages\/9675","targetHints":{"allow":["GET"]}}],"collection":[{"href":"https:\/\/www.pravnizapisi.rs\/en\/wp-json\/wp\/v2\/pages"}],"about":[{"href":"https:\/\/www.pravnizapisi.rs\/en\/wp-json\/wp\/v2\/types\/page"}],"author":[{"embeddable":true,"href":"https:\/\/www.pravnizapisi.rs\/en\/wp-json\/wp\/v2\/users\/4"}],"replies":[{"embeddable":true,"href":"https:\/\/www.pravnizapisi.rs\/en\/wp-json\/wp\/v2\/comments?post=9675"}],"version-history":[{"count":0,"href":"https:\/\/www.pravnizapisi.rs\/en\/wp-json\/wp\/v2\/pages\/9675\/revisions"}],"up":[{"embeddable":true,"href":"https:\/\/www.pravnizapisi.rs\/en\/wp-json\/wp\/v2\/pages\/9549"}],"wp:attachment":[{"href":"https:\/\/www.pravnizapisi.rs\/en\/wp-json\/wp\/v2\/media?parent=9675"}],"curies":[{"name":"wp","href":"https:\/\/api.w.org\/{rel}","templated":true}]}}