{"id":9716,"date":"2022-07-18T07:31:45","date_gmt":"2022-07-18T07:31:45","guid":{"rendered":"http:\/\/pravnizapisi.rs\/?page_id=9716"},"modified":"2022-08-09T10:57:49","modified_gmt":"2022-08-09T10:57:49","slug":"9716-2","status":"publish","type":"page","link":"https:\/\/www.pravnizapisi.rs\/en\/pravni-zapisi-1-2022\/9716-2\/","title":{"rendered":""},"content":{"rendered":"<p style=\"text-align: center;\">PRAVNI ZAPISI \u2022 Year XIII \u2022 No. 1 \u2022 pp. 285-304<\/p>\n<h3><strong>SECULAR STATE AND RELIGIOUS NEUTRALITY<\/strong><\/h3>\n<figure id=\"attachment_9398\" aria-describedby=\"caption-attachment-9398\" style=\"width: 95px\" class=\"wp-caption alignright\"><a href=\"https:\/\/pravnizapisi.rs\/wp-content\/uploads\/2022\/07\/PZ2022-01-14-Mitrovic.pdf\"><img loading=\"lazy\" decoding=\"async\" class=\"wp-image-9398\" src=\"https:\/\/pravnizapisi.rs\/wp-content\/uploads\/2021\/12\/Naslovna-2021-02.jpg\" alt=\"\" width=\"95\" height=\"141\" srcset=\"https:\/\/www.pravnizapisi.rs\/wp-content\/uploads\/2021\/12\/Naslovna-2021-02.jpg 808w, https:\/\/www.pravnizapisi.rs\/wp-content\/uploads\/2021\/12\/Naslovna-2021-02-202x300.jpg 202w, https:\/\/www.pravnizapisi.rs\/wp-content\/uploads\/2021\/12\/Naslovna-2021-02-689x1024.jpg 689w, https:\/\/www.pravnizapisi.rs\/wp-content\/uploads\/2021\/12\/Naslovna-2021-02-768x1141.jpg 768w, https:\/\/www.pravnizapisi.rs\/wp-content\/uploads\/2021\/12\/Naslovna-2021-02-624x927.jpg 624w\" sizes=\"auto, (max-width: 95px) 100vw, 95px\" \/><\/a><figcaption id=\"caption-attachment-9398\" class=\"wp-caption-text\"><em>Language: Serbian<\/em><\/figcaption><\/figure>\n<h4>Petar Mitrovi\u0107<br \/>\nStudent, University of Belgrade Law School, Belgrade<br \/>\ne-mail: <a href=\"mailto:petarmbg@gmail.com\">petarmbg@gmail.com<\/a><\/h4>\n<h4><strong> \u00a0<\/strong><\/h4>\n<h4><\/h4>\n<p><span style=\"color: #ffffff;\">.<\/span><\/p>\n<p>Pravni zapisi, No. 1\/2022, pp. 285-304<\/p>\n<p>Critical Review<\/p>\n<p style=\"text-align: justify;\"><strong>DOI<\/strong>: <a href=\"https:\/\/scindeks.ceon.rs\/article.aspx?query=ISSID%26and%2616283&amp;page=12&amp;sort=8&amp;stype=0&amp;backurl=%2fissue.aspx%3fissue%3d16283%26lang%3den&amp;lang=en\">10.5937\/pravzap0-37372<\/a><\/p>\n<p style=\"text-align: justify;\"><span style=\"text-decoration: underline;\"><strong>KEY WORDS<br \/>\n<\/strong><\/span>secularity, secularism, separation of church and state, neutrality, freedom of religion<\/p>\n<p style=\"text-align: justify;\"><span style=\"text-decoration: underline;\"><strong>ABSTRACT<br \/>\n<\/strong><\/span>In the present paper, the author provides a critical appraisal of Marko Bo\u017ei\u0107\u2019s understanding of the principle of state secularity, defended in the previous issues of this journal. Firstly, the author critically examines the non-contestability thesis that is arguably held by Bo\u017ei\u0107 and argues that it raises the objection of conceptual imperialism. In the following sections, the author turns to Bo\u017ei\u0107\u2019s extralegal theory (and concept) of secularity based upon the notion of \u201cequality in freedoms\u201d. In particular, the author argues: (a) that the concept of secularity that Bo\u017ei\u0107 develops is inherently flawed in several important ways; (b) that an extralegal theory of secularity \u2013 that of Bo\u017ei\u0107 or anyone else \u2013 should not be considered a starting point when interpreting a constitutional principle of secularity; (c) that the concept of secularity that Bo\u017ei\u0107 develops is by no means a useful interpretative tool in virtue of the fact that it significantly departs from positive law.<\/p>\n","protected":false},"excerpt":{"rendered":"<p>PRAVNI ZAPISI \u2022 Year XIII \u2022 No. 1 \u2022 pp. 285-304 SECULAR STATE AND RELIGIOUS NEUTRALITY Petar Mitrovi\u0107 Student, University of Belgrade Law School, Belgrade e-mail: petarmbg@gmail.com \u00a0 . Pravni zapisi, No. 1\/2022, pp. 285-304 Critical Review DOI: 10.5937\/pravzap0-37372 KEY WORDS secularity, secularism, separation of church and state, neutrality, freedom of religion ABSTRACT In the present paper, the author provides a critical appraisal of Marko Bo\u017ei\u0107\u2019s understanding of the principle of state secularity, defended in the previous issues of this journal. Firstly, the author critically examines the non-contestability thesis that is arguably held by Bo\u017ei\u0107 and argues that it raises [&hellip;]<\/p>\n","protected":false},"author":4,"featured_media":0,"parent":9549,"menu_order":0,"comment_status":"closed","ping_status":"closed","template":"template-article.php","meta":{"footnotes":""},"class_list":["post-9716","page","type-page","status-publish","hentry"],"yoast_head":"<!-- This site is optimized with the Yoast SEO plugin v27.1.1 - https:\/\/yoast.com\/product\/yoast-seo-wordpress\/ -->\n<title>- Pravni Zapisi<\/title>\n<meta name=\"robots\" content=\"index, follow, max-snippet:-1, max-image-preview:large, max-video-preview:-1\" \/>\n<link rel=\"canonical\" href=\"https:\/\/www.pravnizapisi.rs\/pravni-zapisi-1-2022\/9713-2\/\" \/>\n<meta property=\"og:locale\" content=\"en_US\" \/>\n<meta property=\"og:type\" content=\"article\" \/>\n<meta property=\"og:title\" content=\"- Pravni Zapisi\" \/>\n<meta property=\"og:description\" content=\"PRAVNI ZAPISI \u2022 Year XIII \u2022 No. 1 \u2022 pp. 285-304 SECULAR STATE AND RELIGIOUS NEUTRALITY Petar Mitrovi\u0107 Student, University of Belgrade Law School, Belgrade e-mail: petarmbg@gmail.com \u00a0 . Pravni zapisi, No. 1\/2022, pp. 285-304 Critical Review DOI: 10.5937\/pravzap0-37372 KEY WORDS secularity, secularism, separation of church and state, neutrality, freedom of religion ABSTRACT In the present paper, the author provides a critical appraisal of Marko Bo\u017ei\u0107\u2019s understanding of the principle of state secularity, defended in the previous issues of this journal. Firstly, the author critically examines the non-contestability thesis that is arguably held by Bo\u017ei\u0107 and argues that it raises [&hellip;]\" \/>\n<meta property=\"og:url\" content=\"https:\/\/www.pravnizapisi.rs\/pravni-zapisi-1-2022\/9713-2\/\" \/>\n<meta property=\"og:site_name\" content=\"Pravni Zapisi\" \/>\n<meta property=\"article:modified_time\" content=\"2022-08-09T10:57:49+00:00\" \/>\n<meta property=\"og:image\" content=\"https:\/\/www.pravnizapisi.rs\/wp-content\/uploads\/2022\/07\/Korica12022-scaled-e1657964113601.jpg\" \/>\n\t<meta property=\"og:image:width\" content=\"1978\" \/>\n\t<meta property=\"og:image:height\" content=\"2560\" \/>\n\t<meta property=\"og:image:type\" content=\"image\/jpeg\" \/>\n<meta name=\"twitter:card\" content=\"summary_large_image\" \/>\n<meta name=\"twitter:image\" content=\"https:\/\/www.pravnizapisi.rs\/wp-content\/uploads\/2022\/07\/Korica12022-scaled-e1657964113601.jpg\" \/>\n<meta name=\"twitter:label1\" content=\"Est. reading time\" \/>\n\t<meta name=\"twitter:data1\" content=\"2 minutes\" \/>\n<script type=\"application\/ld+json\" class=\"yoast-schema-graph\">{\"@context\":\"https:\/\/schema.org\",\"@graph\":[{\"@type\":\"WebPage\",\"@id\":\"https:\/\/www.pravnizapisi.rs\/pravni-zapisi-1-2022\/9713-2\/\",\"url\":\"https:\/\/www.pravnizapisi.rs\/pravni-zapisi-1-2022\/9713-2\/\",\"name\":\"- Pravni Zapisi\",\"isPartOf\":{\"@id\":\"https:\/\/pravnizapisi.rs\/#website\"},\"primaryImageOfPage\":{\"@id\":\"https:\/\/www.pravnizapisi.rs\/pravni-zapisi-1-2022\/9713-2\/#primaryimage\"},\"image\":{\"@id\":\"https:\/\/www.pravnizapisi.rs\/pravni-zapisi-1-2022\/9713-2\/#primaryimage\"},\"thumbnailUrl\":\"https:\/\/pravnizapisi.rs\/wp-content\/uploads\/2021\/12\/Naslovna-2021-02.jpg\",\"datePublished\":\"2022-07-18T07:31:45+00:00\",\"dateModified\":\"2022-08-09T10:57:49+00:00\",\"breadcrumb\":{\"@id\":\"https:\/\/www.pravnizapisi.rs\/pravni-zapisi-1-2022\/9713-2\/#breadcrumb\"},\"inLanguage\":\"en-US\",\"potentialAction\":[{\"@type\":\"ReadAction\",\"target\":[\"https:\/\/www.pravnizapisi.rs\/pravni-zapisi-1-2022\/9713-2\/\"]}]},{\"@type\":\"ImageObject\",\"inLanguage\":\"en-US\",\"@id\":\"https:\/\/www.pravnizapisi.rs\/pravni-zapisi-1-2022\/9713-2\/#primaryimage\",\"url\":\"https:\/\/pravnizapisi.rs\/wp-content\/uploads\/2021\/12\/Naslovna-2021-02.jpg\",\"contentUrl\":\"https:\/\/pravnizapisi.rs\/wp-content\/uploads\/2021\/12\/Naslovna-2021-02.jpg\"},{\"@type\":\"BreadcrumbList\",\"@id\":\"https:\/\/www.pravnizapisi.rs\/pravni-zapisi-1-2022\/9713-2\/#breadcrumb\",\"itemListElement\":[{\"@type\":\"ListItem\",\"position\":1,\"name\":\"\u041f\u043e\u0447\u0435\u0442\u043d\u0430\",\"item\":\"https:\/\/www.pravnizapisi.rs\/en\/\"},{\"@type\":\"ListItem\",\"position\":2,\"name\":\"Pravni zapisi 1\/2022\",\"item\":\"https:\/\/www.pravnizapisi.rs\/en\/pravni-zapisi-1-2022\/\"}]},{\"@type\":\"WebSite\",\"@id\":\"https:\/\/pravnizapisi.rs\/#website\",\"url\":\"https:\/\/pravnizapisi.rs\/\",\"name\":\"Pravni Zapisi\",\"description\":\"\",\"publisher\":{\"@id\":\"https:\/\/pravnizapisi.rs\/#organization\"},\"potentialAction\":[{\"@type\":\"SearchAction\",\"target\":{\"@type\":\"EntryPoint\",\"urlTemplate\":\"https:\/\/pravnizapisi.rs\/?s={search_term_string}\"},\"query-input\":{\"@type\":\"PropertyValueSpecification\",\"valueRequired\":true,\"valueName\":\"search_term_string\"}}],\"inLanguage\":\"en-US\"},{\"@type\":\"Organization\",\"@id\":\"https:\/\/pravnizapisi.rs\/#organization\",\"name\":\"Pravni Zapisi\",\"url\":\"https:\/\/pravnizapisi.rs\/\",\"logo\":{\"@type\":\"ImageObject\",\"inLanguage\":\"en-US\",\"@id\":\"https:\/\/pravnizapisi.rs\/#\/schema\/logo\/image\/\",\"url\":\"https:\/\/www.pravnizapisi.rs\/wp-content\/uploads\/2019\/11\/cropped-Header-logo-srb-1-1.jpg\",\"contentUrl\":\"https:\/\/www.pravnizapisi.rs\/wp-content\/uploads\/2019\/11\/cropped-Header-logo-srb-1-1.jpg\",\"width\":580,\"height\":80,\"caption\":\"Pravni Zapisi\"},\"image\":{\"@id\":\"https:\/\/pravnizapisi.rs\/#\/schema\/logo\/image\/\"}}]}<\/script>\n<!-- \/ Yoast SEO plugin. -->","yoast_head_json":{"title":"- Pravni Zapisi","robots":{"index":"index","follow":"follow","max-snippet":"max-snippet:-1","max-image-preview":"max-image-preview:large","max-video-preview":"max-video-preview:-1"},"canonical":"https:\/\/www.pravnizapisi.rs\/pravni-zapisi-1-2022\/9713-2\/","og_locale":"en_US","og_type":"article","og_title":"- Pravni Zapisi","og_description":"PRAVNI ZAPISI \u2022 Year XIII \u2022 No. 1 \u2022 pp. 285-304 SECULAR STATE AND RELIGIOUS NEUTRALITY Petar Mitrovi\u0107 Student, University of Belgrade Law School, Belgrade e-mail: petarmbg@gmail.com \u00a0 . Pravni zapisi, No. 1\/2022, pp. 285-304 Critical Review DOI: 10.5937\/pravzap0-37372 KEY WORDS secularity, secularism, separation of church and state, neutrality, freedom of religion ABSTRACT In the present paper, the author provides a critical appraisal of Marko Bo\u017ei\u0107\u2019s understanding of the principle of state secularity, defended in the previous issues of this journal. Firstly, the author critically examines the non-contestability thesis that is arguably held by Bo\u017ei\u0107 and argues that it raises [&hellip;]","og_url":"https:\/\/www.pravnizapisi.rs\/pravni-zapisi-1-2022\/9713-2\/","og_site_name":"Pravni Zapisi","article_modified_time":"2022-08-09T10:57:49+00:00","og_image":[{"width":1978,"height":2560,"url":"https:\/\/www.pravnizapisi.rs\/wp-content\/uploads\/2022\/07\/Korica12022-scaled-e1657964113601.jpg","type":"image\/jpeg"}],"twitter_card":"summary_large_image","twitter_image":"https:\/\/www.pravnizapisi.rs\/wp-content\/uploads\/2022\/07\/Korica12022-scaled-e1657964113601.jpg","twitter_misc":{"Est. reading time":"2 minutes"},"schema":{"@context":"https:\/\/schema.org","@graph":[{"@type":"WebPage","@id":"https:\/\/www.pravnizapisi.rs\/pravni-zapisi-1-2022\/9713-2\/","url":"https:\/\/www.pravnizapisi.rs\/pravni-zapisi-1-2022\/9713-2\/","name":"- Pravni Zapisi","isPartOf":{"@id":"https:\/\/pravnizapisi.rs\/#website"},"primaryImageOfPage":{"@id":"https:\/\/www.pravnizapisi.rs\/pravni-zapisi-1-2022\/9713-2\/#primaryimage"},"image":{"@id":"https:\/\/www.pravnizapisi.rs\/pravni-zapisi-1-2022\/9713-2\/#primaryimage"},"thumbnailUrl":"https:\/\/pravnizapisi.rs\/wp-content\/uploads\/2021\/12\/Naslovna-2021-02.jpg","datePublished":"2022-07-18T07:31:45+00:00","dateModified":"2022-08-09T10:57:49+00:00","breadcrumb":{"@id":"https:\/\/www.pravnizapisi.rs\/pravni-zapisi-1-2022\/9713-2\/#breadcrumb"},"inLanguage":"en-US","potentialAction":[{"@type":"ReadAction","target":["https:\/\/www.pravnizapisi.rs\/pravni-zapisi-1-2022\/9713-2\/"]}]},{"@type":"ImageObject","inLanguage":"en-US","@id":"https:\/\/www.pravnizapisi.rs\/pravni-zapisi-1-2022\/9713-2\/#primaryimage","url":"https:\/\/pravnizapisi.rs\/wp-content\/uploads\/2021\/12\/Naslovna-2021-02.jpg","contentUrl":"https:\/\/pravnizapisi.rs\/wp-content\/uploads\/2021\/12\/Naslovna-2021-02.jpg"},{"@type":"BreadcrumbList","@id":"https:\/\/www.pravnizapisi.rs\/pravni-zapisi-1-2022\/9713-2\/#breadcrumb","itemListElement":[{"@type":"ListItem","position":1,"name":"\u041f\u043e\u0447\u0435\u0442\u043d\u0430","item":"https:\/\/www.pravnizapisi.rs\/en\/"},{"@type":"ListItem","position":2,"name":"Pravni zapisi 1\/2022","item":"https:\/\/www.pravnizapisi.rs\/en\/pravni-zapisi-1-2022\/"}]},{"@type":"WebSite","@id":"https:\/\/pravnizapisi.rs\/#website","url":"https:\/\/pravnizapisi.rs\/","name":"Pravni Zapisi","description":"","publisher":{"@id":"https:\/\/pravnizapisi.rs\/#organization"},"potentialAction":[{"@type":"SearchAction","target":{"@type":"EntryPoint","urlTemplate":"https:\/\/pravnizapisi.rs\/?s={search_term_string}"},"query-input":{"@type":"PropertyValueSpecification","valueRequired":true,"valueName":"search_term_string"}}],"inLanguage":"en-US"},{"@type":"Organization","@id":"https:\/\/pravnizapisi.rs\/#organization","name":"Pravni Zapisi","url":"https:\/\/pravnizapisi.rs\/","logo":{"@type":"ImageObject","inLanguage":"en-US","@id":"https:\/\/pravnizapisi.rs\/#\/schema\/logo\/image\/","url":"https:\/\/www.pravnizapisi.rs\/wp-content\/uploads\/2019\/11\/cropped-Header-logo-srb-1-1.jpg","contentUrl":"https:\/\/www.pravnizapisi.rs\/wp-content\/uploads\/2019\/11\/cropped-Header-logo-srb-1-1.jpg","width":580,"height":80,"caption":"Pravni Zapisi"},"image":{"@id":"https:\/\/pravnizapisi.rs\/#\/schema\/logo\/image\/"}}]}},"_links":{"self":[{"href":"https:\/\/www.pravnizapisi.rs\/en\/wp-json\/wp\/v2\/pages\/9716","targetHints":{"allow":["GET"]}}],"collection":[{"href":"https:\/\/www.pravnizapisi.rs\/en\/wp-json\/wp\/v2\/pages"}],"about":[{"href":"https:\/\/www.pravnizapisi.rs\/en\/wp-json\/wp\/v2\/types\/page"}],"author":[{"embeddable":true,"href":"https:\/\/www.pravnizapisi.rs\/en\/wp-json\/wp\/v2\/users\/4"}],"replies":[{"embeddable":true,"href":"https:\/\/www.pravnizapisi.rs\/en\/wp-json\/wp\/v2\/comments?post=9716"}],"version-history":[{"count":0,"href":"https:\/\/www.pravnizapisi.rs\/en\/wp-json\/wp\/v2\/pages\/9716\/revisions"}],"up":[{"embeddable":true,"href":"https:\/\/www.pravnizapisi.rs\/en\/wp-json\/wp\/v2\/pages\/9549"}],"wp:attachment":[{"href":"https:\/\/www.pravnizapisi.rs\/en\/wp-json\/wp\/v2\/media?parent=9716"}],"curies":[{"name":"wp","href":"https:\/\/api.w.org\/{rel}","templated":true}]}}