{"id":9854,"date":"2022-12-24T16:30:30","date_gmt":"2022-12-24T16:30:30","guid":{"rendered":"http:\/\/pravnizapisi.rs\/?page_id=9854"},"modified":"2022-12-26T08:13:57","modified_gmt":"2022-12-26T08:13:57","slug":"pravni-zapisi-2-2022","status":"publish","type":"page","link":"https:\/\/www.pravnizapisi.rs\/en\/pravni-zapisi-2-2022\/","title":{"rendered":"Pravni zapisi 2\/2022"},"content":{"rendered":"<p style=\"text-align: justify;\"><em><strong>Union University Law School Review<\/strong><\/em><br \/>\n<em><strong>Year XIII, No. 2\/2022, Pages 341-735<\/strong><\/em><\/p>\n<table style=\"height: 35px;\" width=\"364\" frame=\"void\">\n<tbody>\n<tr>\n<td valign=\"top\"><strong>UDK\u00a034<\/strong><\/td>\n<td align=\"left\" valign=\"top\">\n<div><strong>ISSN 2217-2815 (Printed Edition)<\/strong><\/div>\n<div><strong>eISSN 2406-1387 (Online Edition)<\/strong><\/div>\n<\/td>\n<\/tr>\n<\/tbody>\n<\/table>\n<hr \/>\n<h3 style=\"text-align: center;\">TABLE OF CONTENTS<\/h3>\n<h4 style=\"text-align: justify;\">GUEST EDITORIAL<\/h4>\n<p><a href=\"https:\/\/pravnizapisi.rs\/wp-content\/uploads\/2022\/12\/Pravni_zapisi_2022_02-01_Avbelj.pdf\"><strong>Matej Avbelj, <\/strong><em>The Future of the European Union is Now <\/em><\/a><\/p>\n<h4 style=\"text-align: justify;\">ARTICLES<\/h4>\n<p><a href=\"https:\/\/pravnizapisi.rs\/en\/9895-2\/\"><strong>Martin Belov, <\/strong><em>Three Models for Ordering Constitutional Orders <\/em><\/a><\/p>\n<p style=\"text-align: justify;\"><a href=\"https:\/\/pravnizapisi.rs\/en\/pravni-zapisi-2-2022\/9901-2\/\"><strong>Matija Milo\u0161, <\/strong><em>The Clarity of Referendums: An Instrument for Managing the (Dis)Continuity and Perception of Change <\/em><\/a><\/p>\n<p><a href=\"https:\/\/pravnizapisi.rs\/en\/pravni-zapisi-2-2022\/9910-2\/\"><strong>Bojan Spai\u0107, Mila \u0110or\u0111evi\u0107, <\/strong><em>Less is more? On the Number of Judges and Judicial Efficiency <\/em><\/a><\/p>\n<p style=\"text-align: justify;\"><a href=\"https:\/\/pravnizapisi.rs\/en\/pravni-zapisi-2-2022\/9916-2\/\"><strong>Mari-Ann Susi, <\/strong><em>The<\/em> <em>Divide between Idealism and Practicality in Animals\u2019 Fundamental Rights Recognition<\/em><\/a><\/p>\n<p style=\"text-align: justify;\"><a href=\"https:\/\/pravnizapisi.rs\/en\/pravni-zapisi-2-2022\/9923-2\/\"><strong>Iva Ivanov, <\/strong><em>Can we Talk about Digital Economy Taxation without Improved Administrative Cooperation Between Countries?<\/em><\/a><\/p>\n<p style=\"text-align: justify;\"><a href=\"https:\/\/pravnizapisi.rs\/en\/pravni-zapisi-2-2022\/9930-2\/\"><strong>Dijana Markovi\u0107-Bajalovi\u0107, <\/strong><em>The EU Institutional Model of Competition Law Enforcement Revisited: How Much Rule of Law Suffices?<\/em><\/a><\/p>\n<p style=\"text-align: justify;\"><a href=\"https:\/\/pravnizapisi.rs\/en\/pravni-zapisi-2-2022\/9937-2\/\"><strong>Tam\u00e1s<\/strong> <strong>Korhecz, <\/strong><em>Parliamentary Representation of National Minorities in Serbia and Hungary: Mechanism for Effective Participation of Minorities, or Tool for Political Manipulation?<\/em><\/a><\/p>\n<p><a href=\"https:\/\/pravnizapisi.rs\/en\/pravni-zapisi-2-2022\/9943-2\/\"><strong>Milo\u0161 \u017divkovi\u0107, <\/strong><em>Rethinking Land Registration in XXI Century Serbia<\/em><\/a><\/p>\n<p style=\"text-align: justify;\"><a href=\"https:\/\/pravnizapisi.rs\/en\/pravni-zapisi-2-2022\/9950-2\/\"><strong>Bogoljub Milosavljevi\u0107, <\/strong><em>Denial of Information to the Officers of the Communal Militia, Police and Security Services: Between Punishment and Non-Punishment<\/em><\/a><\/p>\n<p style=\"text-align: justify;\"><a href=\"https:\/\/pravnizapisi.rs\/en\/pravni-zapisi-2-2022\/9958-2\/\"><strong>Marko Bo\u017ei\u0107, <\/strong><em>Catechism Without God: Legal Basis and Ideological Premises of Teaching Marxism in Schools of Socialist Yugoslavia from 1945 to 1991<\/em><\/a><\/p>\n<p style=\"text-align: justify;\"><a href=\"https:\/\/pravnizapisi.rs\/en\/pravni-zapisi-2-2022\/9965-2\/\"><strong>Chiara Chisari, <\/strong><em>The Judicial Implementation of the Right to The Truth: Some Thoughts on the Argentinian Experience of the Juicios por la Verdad<\/em><\/a><\/p>\n<p style=\"text-align: justify;\"><a href=\"https:\/\/pravnizapisi.rs\/en\/pravni-zapisi-2-2022\/9972-2\/\"><strong>Ranka Vujovi\u0107, <\/strong><em>The Status and Rights of the Child in the Same-Sex<\/em><em> Union: European Law and Practice <\/em><\/a><\/p>\n<h4 style=\"text-align: justify;\">DEBATE<\/h4>\n<p style=\"text-align: justify;\"><a href=\"https:\/\/pravnizapisi.rs\/wp-content\/uploads\/2022\/12\/Pravni_zapisi_2022_02-14_Bozic.pdf\"><strong>Marko Bo\u017ei\u0107, <\/strong><em>On the Descriptive Denotation of the Term and the Prescriptive Connotation of the Notion of Secularism (A Reply to Petar Mitrovi\u0107 and Sr\u0111an Milo\u0161evi\u0107)<\/em><\/a><\/p>\n<h4 style=\"text-align: justify;\">CASE NOTE<\/h4>\n<p><a href=\"https:\/\/pravnizapisi.rs\/en\/pravni-zapisi-2-2022\/9981-2\/\"><strong>Barbara Grabowska-Moro, <\/strong><em>Rule of Law, Trust and Competition: Will Sped-Pro Become a Game-Changer for Protection of EU Fundamental Values?<\/em><\/a><\/p>\n<h4 style=\"text-align: justify;\">IN MEMORIAM<\/h4>\n<p><a href=\"https:\/\/pravnizapisi.rs\/wp-content\/uploads\/2022\/12\/Pravni_zapisi_2022_02-16_Simic.pdf\"><strong>Jelena Simi\u0107, <\/strong><em>Prof. dr Jakov Radi\u0161i\u0107 (1931-2022)<\/em><\/a><\/p>\n<h4 style=\"text-align: justify;\">CHRONICLE<\/h4>\n<p><a href=\"https:\/\/pravnizapisi.rs\/wp-content\/uploads\/2022\/12\/Pravni_zapisi_2022_02-17_Hronika_Fakulteta.pdf\"><em>Union University Law School Chronicle (2021\/2022),<\/em> Contributor<strong> Jovana Popovi\u0107<\/strong><\/a><\/p>\n<p style=\"text-align: justify;\">\n","protected":false},"excerpt":{"rendered":"<p>Union University Law School Review Year XIII, No. 2\/2022, Pages 341-735 UDK\u00a034 ISSN 2217-2815 (Printed Edition) eISSN 2406-1387 (Online Edition) TABLE OF CONTENTS GUEST EDITORIAL Matej Avbelj, The Future of the European Union is Now ARTICLES Martin Belov, Three Models for Ordering Constitutional Orders Matija Milo\u0161, The Clarity of Referendums: An Instrument for Managing the (Dis)Continuity and Perception of Change Bojan Spai\u0107, Mila \u0110or\u0111evi\u0107, Less is more? On the Number of Judges and Judicial Efficiency Mari-Ann Susi, The Divide between Idealism and Practicality in Animals\u2019 Fundamental Rights Recognition Iva Ivanov, Can we Talk about Digital Economy Taxation without Improved Administrative [&hellip;]<\/p>\n","protected":false},"author":4,"featured_media":0,"parent":0,"menu_order":0,"comment_status":"closed","ping_status":"closed","template":"template-fullwidth.php","meta":{"footnotes":""},"class_list":["post-9854","page","type-page","status-publish","hentry"],"yoast_head":"<!-- This site is optimized with the Yoast SEO plugin v27.1.1 - https:\/\/yoast.com\/product\/yoast-seo-wordpress\/ -->\n<title>Pravni zapisi 2\/2022 - Pravni Zapisi<\/title>\n<meta name=\"robots\" content=\"index, follow, max-snippet:-1, max-image-preview:large, max-video-preview:-1\" \/>\n<link rel=\"canonical\" href=\"https:\/\/www.pravnizapisi.rs\/en\/pravni-zapisi-2-2022\/\" \/>\n<meta property=\"og:locale\" content=\"en_US\" \/>\n<meta property=\"og:type\" content=\"article\" \/>\n<meta property=\"og:title\" content=\"Pravni zapisi 2\/2022 - Pravni Zapisi\" \/>\n<meta property=\"og:description\" content=\"Union University Law School Review Year XIII, No. 2\/2022, Pages 341-735 UDK\u00a034 ISSN 2217-2815 (Printed Edition) eISSN 2406-1387 (Online Edition) TABLE OF CONTENTS GUEST EDITORIAL Matej Avbelj, The Future of the European Union is Now ARTICLES Martin Belov, Three Models for Ordering Constitutional Orders Matija Milo\u0161, The Clarity of Referendums: An Instrument for Managing the (Dis)Continuity and Perception of Change Bojan Spai\u0107, Mila \u0110or\u0111evi\u0107, Less is more? On the Number of Judges and Judicial Efficiency Mari-Ann Susi, The Divide between Idealism and Practicality in Animals\u2019 Fundamental Rights Recognition Iva Ivanov, Can we Talk about Digital Economy Taxation without Improved Administrative [&hellip;]\" \/>\n<meta property=\"og:url\" content=\"https:\/\/www.pravnizapisi.rs\/en\/pravni-zapisi-2-2022\/\" \/>\n<meta property=\"og:site_name\" content=\"Pravni Zapisi\" \/>\n<meta property=\"article:modified_time\" content=\"2022-12-26T08:13:57+00:00\" \/>\n<meta property=\"og:image\" content=\"https:\/\/www.pravnizapisi.rs\/wp-content\/uploads\/2020\/07\/pzapisi.jpg\" \/>\n\t<meta property=\"og:image:width\" content=\"150\" \/>\n\t<meta property=\"og:image:height\" content=\"225\" \/>\n\t<meta property=\"og:image:type\" content=\"image\/jpeg\" \/>\n<meta name=\"twitter:card\" content=\"summary_large_image\" \/>\n<meta name=\"twitter:label1\" content=\"Est. reading time\" \/>\n\t<meta name=\"twitter:data1\" content=\"2 minutes\" \/>\n<script type=\"application\/ld+json\" class=\"yoast-schema-graph\">{\"@context\":\"https:\/\/schema.org\",\"@graph\":[{\"@type\":\"WebPage\",\"@id\":\"https:\/\/www.pravnizapisi.rs\/en\/pravni-zapisi-2-2022\/\",\"url\":\"https:\/\/www.pravnizapisi.rs\/en\/pravni-zapisi-2-2022\/\",\"name\":\"Pravni zapisi 2\/2022 - Pravni Zapisi\",\"isPartOf\":{\"@id\":\"https:\/\/pravnizapisi.rs\/#website\"},\"datePublished\":\"2022-12-24T16:30:30+00:00\",\"dateModified\":\"2022-12-26T08:13:57+00:00\",\"breadcrumb\":{\"@id\":\"https:\/\/www.pravnizapisi.rs\/en\/pravni-zapisi-2-2022\/#breadcrumb\"},\"inLanguage\":\"en-US\",\"potentialAction\":[{\"@type\":\"ReadAction\",\"target\":[\"https:\/\/www.pravnizapisi.rs\/en\/pravni-zapisi-2-2022\/\"]}]},{\"@type\":\"BreadcrumbList\",\"@id\":\"https:\/\/www.pravnizapisi.rs\/en\/pravni-zapisi-2-2022\/#breadcrumb\",\"itemListElement\":[{\"@type\":\"ListItem\",\"position\":1,\"name\":\"\u041f\u043e\u0447\u0435\u0442\u043d\u0430\",\"item\":\"https:\/\/www.pravnizapisi.rs\/en\/\"},{\"@type\":\"ListItem\",\"position\":2,\"name\":\"Pravni zapisi 2\/2022\"}]},{\"@type\":\"WebSite\",\"@id\":\"https:\/\/pravnizapisi.rs\/#website\",\"url\":\"https:\/\/pravnizapisi.rs\/\",\"name\":\"Pravni Zapisi\",\"description\":\"\",\"publisher\":{\"@id\":\"https:\/\/pravnizapisi.rs\/#organization\"},\"potentialAction\":[{\"@type\":\"SearchAction\",\"target\":{\"@type\":\"EntryPoint\",\"urlTemplate\":\"https:\/\/pravnizapisi.rs\/?s={search_term_string}\"},\"query-input\":{\"@type\":\"PropertyValueSpecification\",\"valueRequired\":true,\"valueName\":\"search_term_string\"}}],\"inLanguage\":\"en-US\"},{\"@type\":\"Organization\",\"@id\":\"https:\/\/pravnizapisi.rs\/#organization\",\"name\":\"Pravni Zapisi\",\"url\":\"https:\/\/pravnizapisi.rs\/\",\"logo\":{\"@type\":\"ImageObject\",\"inLanguage\":\"en-US\",\"@id\":\"https:\/\/pravnizapisi.rs\/#\/schema\/logo\/image\/\",\"url\":\"https:\/\/www.pravnizapisi.rs\/wp-content\/uploads\/2019\/11\/cropped-Header-logo-srb-1-1.jpg\",\"contentUrl\":\"https:\/\/www.pravnizapisi.rs\/wp-content\/uploads\/2019\/11\/cropped-Header-logo-srb-1-1.jpg\",\"width\":580,\"height\":80,\"caption\":\"Pravni Zapisi\"},\"image\":{\"@id\":\"https:\/\/pravnizapisi.rs\/#\/schema\/logo\/image\/\"}}]}<\/script>\n<!-- \/ Yoast SEO plugin. -->","yoast_head_json":{"title":"Pravni zapisi 2\/2022 - Pravni Zapisi","robots":{"index":"index","follow":"follow","max-snippet":"max-snippet:-1","max-image-preview":"max-image-preview:large","max-video-preview":"max-video-preview:-1"},"canonical":"https:\/\/www.pravnizapisi.rs\/en\/pravni-zapisi-2-2022\/","og_locale":"en_US","og_type":"article","og_title":"Pravni zapisi 2\/2022 - Pravni Zapisi","og_description":"Union University Law School Review Year XIII, No. 2\/2022, Pages 341-735 UDK\u00a034 ISSN 2217-2815 (Printed Edition) eISSN 2406-1387 (Online Edition) TABLE OF CONTENTS GUEST EDITORIAL Matej Avbelj, The Future of the European Union is Now ARTICLES Martin Belov, Three Models for Ordering Constitutional Orders Matija Milo\u0161, The Clarity of Referendums: An Instrument for Managing the (Dis)Continuity and Perception of Change Bojan Spai\u0107, Mila \u0110or\u0111evi\u0107, Less is more? On the Number of Judges and Judicial Efficiency Mari-Ann Susi, The Divide between Idealism and Practicality in Animals\u2019 Fundamental Rights Recognition Iva Ivanov, Can we Talk about Digital Economy Taxation without Improved Administrative [&hellip;]","og_url":"https:\/\/www.pravnizapisi.rs\/en\/pravni-zapisi-2-2022\/","og_site_name":"Pravni Zapisi","article_modified_time":"2022-12-26T08:13:57+00:00","og_image":[{"width":150,"height":225,"url":"https:\/\/www.pravnizapisi.rs\/wp-content\/uploads\/2020\/07\/pzapisi.jpg","type":"image\/jpeg"}],"twitter_card":"summary_large_image","twitter_misc":{"Est. reading time":"2 minutes"},"schema":{"@context":"https:\/\/schema.org","@graph":[{"@type":"WebPage","@id":"https:\/\/www.pravnizapisi.rs\/en\/pravni-zapisi-2-2022\/","url":"https:\/\/www.pravnizapisi.rs\/en\/pravni-zapisi-2-2022\/","name":"Pravni zapisi 2\/2022 - Pravni Zapisi","isPartOf":{"@id":"https:\/\/pravnizapisi.rs\/#website"},"datePublished":"2022-12-24T16:30:30+00:00","dateModified":"2022-12-26T08:13:57+00:00","breadcrumb":{"@id":"https:\/\/www.pravnizapisi.rs\/en\/pravni-zapisi-2-2022\/#breadcrumb"},"inLanguage":"en-US","potentialAction":[{"@type":"ReadAction","target":["https:\/\/www.pravnizapisi.rs\/en\/pravni-zapisi-2-2022\/"]}]},{"@type":"BreadcrumbList","@id":"https:\/\/www.pravnizapisi.rs\/en\/pravni-zapisi-2-2022\/#breadcrumb","itemListElement":[{"@type":"ListItem","position":1,"name":"\u041f\u043e\u0447\u0435\u0442\u043d\u0430","item":"https:\/\/www.pravnizapisi.rs\/en\/"},{"@type":"ListItem","position":2,"name":"Pravni zapisi 2\/2022"}]},{"@type":"WebSite","@id":"https:\/\/pravnizapisi.rs\/#website","url":"https:\/\/pravnizapisi.rs\/","name":"Pravni Zapisi","description":"","publisher":{"@id":"https:\/\/pravnizapisi.rs\/#organization"},"potentialAction":[{"@type":"SearchAction","target":{"@type":"EntryPoint","urlTemplate":"https:\/\/pravnizapisi.rs\/?s={search_term_string}"},"query-input":{"@type":"PropertyValueSpecification","valueRequired":true,"valueName":"search_term_string"}}],"inLanguage":"en-US"},{"@type":"Organization","@id":"https:\/\/pravnizapisi.rs\/#organization","name":"Pravni Zapisi","url":"https:\/\/pravnizapisi.rs\/","logo":{"@type":"ImageObject","inLanguage":"en-US","@id":"https:\/\/pravnizapisi.rs\/#\/schema\/logo\/image\/","url":"https:\/\/www.pravnizapisi.rs\/wp-content\/uploads\/2019\/11\/cropped-Header-logo-srb-1-1.jpg","contentUrl":"https:\/\/www.pravnizapisi.rs\/wp-content\/uploads\/2019\/11\/cropped-Header-logo-srb-1-1.jpg","width":580,"height":80,"caption":"Pravni Zapisi"},"image":{"@id":"https:\/\/pravnizapisi.rs\/#\/schema\/logo\/image\/"}}]}},"_links":{"self":[{"href":"https:\/\/www.pravnizapisi.rs\/en\/wp-json\/wp\/v2\/pages\/9854","targetHints":{"allow":["GET"]}}],"collection":[{"href":"https:\/\/www.pravnizapisi.rs\/en\/wp-json\/wp\/v2\/pages"}],"about":[{"href":"https:\/\/www.pravnizapisi.rs\/en\/wp-json\/wp\/v2\/types\/page"}],"author":[{"embeddable":true,"href":"https:\/\/www.pravnizapisi.rs\/en\/wp-json\/wp\/v2\/users\/4"}],"replies":[{"embeddable":true,"href":"https:\/\/www.pravnizapisi.rs\/en\/wp-json\/wp\/v2\/comments?post=9854"}],"version-history":[{"count":0,"href":"https:\/\/www.pravnizapisi.rs\/en\/wp-json\/wp\/v2\/pages\/9854\/revisions"}],"wp:attachment":[{"href":"https:\/\/www.pravnizapisi.rs\/en\/wp-json\/wp\/v2\/media?parent=9854"}],"curies":[{"name":"wp","href":"https:\/\/api.w.org\/{rel}","templated":true}]}}