{"id":9943,"date":"2022-12-25T12:59:12","date_gmt":"2022-12-25T12:59:12","guid":{"rendered":"http:\/\/pravnizapisi.rs\/?page_id=9943"},"modified":"2022-12-25T12:59:15","modified_gmt":"2022-12-25T12:59:15","slug":"9943-2","status":"publish","type":"page","link":"https:\/\/www.pravnizapisi.rs\/en\/pravni-zapisi-2-2022\/9943-2\/","title":{"rendered":""},"content":{"rendered":"<p style=\"text-align: center;\">PRAVNI ZAPISI \u2022 Year XIII \u2022 No. 2 \u2022 pp. 560-576<\/p>\n<h3><strong>RETHINKING LAND REGISTRATION IN XXI CENTURY SERBIA<\/strong><\/h3>\n<figure id=\"attachment_9398\" aria-describedby=\"caption-attachment-9398\" style=\"width: 95px\" class=\"wp-caption alignright\"><a href=\"https:\/\/pravnizapisi.rs\/wp-content\/uploads\/2022\/12\/Pravni_zapisi_2022_02-09_Zivkovic.pdf\"><img loading=\"lazy\" decoding=\"async\" class=\"wp-image-9398\" src=\"https:\/\/pravnizapisi.rs\/wp-content\/uploads\/2021\/12\/Naslovna-2021-02.jpg\" alt=\"\" width=\"95\" height=\"141\" srcset=\"https:\/\/www.pravnizapisi.rs\/wp-content\/uploads\/2021\/12\/Naslovna-2021-02.jpg 808w, https:\/\/www.pravnizapisi.rs\/wp-content\/uploads\/2021\/12\/Naslovna-2021-02-202x300.jpg 202w, https:\/\/www.pravnizapisi.rs\/wp-content\/uploads\/2021\/12\/Naslovna-2021-02-689x1024.jpg 689w, https:\/\/www.pravnizapisi.rs\/wp-content\/uploads\/2021\/12\/Naslovna-2021-02-768x1141.jpg 768w, https:\/\/www.pravnizapisi.rs\/wp-content\/uploads\/2021\/12\/Naslovna-2021-02-624x927.jpg 624w\" sizes=\"auto, (max-width: 95px) 100vw, 95px\" \/><\/a><figcaption id=\"caption-attachment-9398\" class=\"wp-caption-text\"><em>Language: English<\/em><\/figcaption><\/figure>\n<h4><strong>Milo\u0161 \u017divkovi\u0107<br \/>\n<\/strong><strong>Professor of Law, University in Belgrade Law School, Belgrade<br \/>\n<\/strong><strong>e-mail: <a href=\"mailto:mdz@ius.bg.ac.rs\">mdz@ius.bg.ac.rs<\/a><\/strong><\/h4>\n<h4><strong> \u00a0<\/strong><\/h4>\n<h4><\/h4>\n<p><span style=\"color: #ffffff;\">.<\/span><\/p>\n<p>Pravni zapisi, No. 2\/2022, pp. 560-576<\/p>\n<p>Original Scientific Article<\/p>\n<p style=\"text-align: justify;\"><strong>DOI<\/strong>: 10.5937\/pravzap0\u201340782<\/p>\n<p style=\"text-align: justify;\"><span style=\"text-decoration: underline;\"><strong>KEY WORDS<br \/>\n<\/strong><\/span>land registration, real estate cadaster, registration by official duty<\/p>\n<p style=\"text-align: justify;\"><span style=\"text-decoration: underline;\"><strong>ABSTRACT<br \/>\n<\/strong><\/span>In the late XX century, Serbia changed its system of land registration from the land books, that were outdated and neglected during the socialist era, to unified cadaster, the REC. Due to historical circumstances and construction of the REC system, lawmakers had to resort to unorthodox solutions to achieve the desired level of legal security. Because of unifying records of different nature (factual and legal), the REC needed to rethink the principle of legality and include the public notaries and courts in its implementation. Modernizing the registry meant that information technologies were used very broadly, making the shift to a fully electronic procedure of registration one of the main policy goals. This enabled introduction of the principle of registration by official duty, for the records to always be up to date. Mechanisms of protecting legal security provided by the registry do not function for objects under construction because they are not registered until the construction is completed. Therefore, the last unorthodox novelty was introduced: registration of buildings and apartments under construction.<\/p>\n","protected":false},"excerpt":{"rendered":"<p>PRAVNI ZAPISI \u2022 Year XIII \u2022 No. 2 \u2022 pp. 560-576 RETHINKING LAND REGISTRATION IN XXI CENTURY SERBIA Milo\u0161 \u017divkovi\u0107 Professor of Law, University in Belgrade Law School, Belgrade e-mail: mdz@ius.bg.ac.rs \u00a0 . Pravni zapisi, No. 2\/2022, pp. 560-576 Original Scientific Article DOI: 10.5937\/pravzap0\u201340782 KEY WORDS land registration, real estate cadaster, registration by official duty ABSTRACT In the late XX century, Serbia changed its system of land registration from the land books, that were outdated and neglected during the socialist era, to unified cadaster, the REC. Due to historical circumstances and construction of the REC system, lawmakers had to resort [&hellip;]<\/p>\n","protected":false},"author":4,"featured_media":0,"parent":9854,"menu_order":0,"comment_status":"closed","ping_status":"closed","template":"template-article.php","meta":{"footnotes":""},"class_list":["post-9943","page","type-page","status-publish","hentry"],"yoast_head":"<!-- This site is optimized with the Yoast SEO plugin v27.1.1 - https:\/\/yoast.com\/product\/yoast-seo-wordpress\/ -->\n<title>- Pravni Zapisi<\/title>\n<meta name=\"robots\" content=\"index, follow, max-snippet:-1, max-image-preview:large, max-video-preview:-1\" \/>\n<link rel=\"canonical\" href=\"https:\/\/www.pravnizapisi.rs\/pravni-zapisi-2-2022\/9940-2\/\" \/>\n<meta property=\"og:locale\" content=\"en_US\" \/>\n<meta property=\"og:type\" content=\"article\" \/>\n<meta property=\"og:title\" content=\"- Pravni Zapisi\" \/>\n<meta property=\"og:description\" content=\"PRAVNI ZAPISI \u2022 Year XIII \u2022 No. 2 \u2022 pp. 560-576 RETHINKING LAND REGISTRATION IN XXI CENTURY SERBIA Milo\u0161 \u017divkovi\u0107 Professor of Law, University in Belgrade Law School, Belgrade e-mail: mdz@ius.bg.ac.rs \u00a0 . Pravni zapisi, No. 2\/2022, pp. 560-576 Original Scientific Article DOI: 10.5937\/pravzap0\u201340782 KEY WORDS land registration, real estate cadaster, registration by official duty ABSTRACT In the late XX century, Serbia changed its system of land registration from the land books, that were outdated and neglected during the socialist era, to unified cadaster, the REC. Due to historical circumstances and construction of the REC system, lawmakers had to resort [&hellip;]\" \/>\n<meta property=\"og:url\" content=\"https:\/\/www.pravnizapisi.rs\/pravni-zapisi-2-2022\/9940-2\/\" \/>\n<meta property=\"og:site_name\" content=\"Pravni Zapisi\" \/>\n<meta property=\"article:modified_time\" content=\"2022-12-25T12:59:15+00:00\" \/>\n<meta property=\"og:image\" content=\"https:\/\/pravnizapisi.rs\/wp-content\/uploads\/2021\/12\/Naslovna-2021-02.jpg\" \/>\n<meta name=\"twitter:card\" content=\"summary_large_image\" \/>\n<meta name=\"twitter:label1\" content=\"Est. reading time\" \/>\n\t<meta name=\"twitter:data1\" content=\"2 minutes\" \/>\n<script type=\"application\/ld+json\" class=\"yoast-schema-graph\">{\"@context\":\"https:\/\/schema.org\",\"@graph\":[{\"@type\":\"WebPage\",\"@id\":\"https:\/\/www.pravnizapisi.rs\/pravni-zapisi-2-2022\/9940-2\/\",\"url\":\"https:\/\/www.pravnizapisi.rs\/pravni-zapisi-2-2022\/9940-2\/\",\"name\":\"- Pravni Zapisi\",\"isPartOf\":{\"@id\":\"https:\/\/pravnizapisi.rs\/#website\"},\"primaryImageOfPage\":{\"@id\":\"https:\/\/www.pravnizapisi.rs\/pravni-zapisi-2-2022\/9940-2\/#primaryimage\"},\"image\":{\"@id\":\"https:\/\/www.pravnizapisi.rs\/pravni-zapisi-2-2022\/9940-2\/#primaryimage\"},\"thumbnailUrl\":\"https:\/\/pravnizapisi.rs\/wp-content\/uploads\/2021\/12\/Naslovna-2021-02.jpg\",\"datePublished\":\"2022-12-25T12:59:12+00:00\",\"dateModified\":\"2022-12-25T12:59:15+00:00\",\"breadcrumb\":{\"@id\":\"https:\/\/www.pravnizapisi.rs\/pravni-zapisi-2-2022\/9940-2\/#breadcrumb\"},\"inLanguage\":\"en-US\",\"potentialAction\":[{\"@type\":\"ReadAction\",\"target\":[\"https:\/\/www.pravnizapisi.rs\/pravni-zapisi-2-2022\/9940-2\/\"]}]},{\"@type\":\"ImageObject\",\"inLanguage\":\"en-US\",\"@id\":\"https:\/\/www.pravnizapisi.rs\/pravni-zapisi-2-2022\/9940-2\/#primaryimage\",\"url\":\"https:\/\/pravnizapisi.rs\/wp-content\/uploads\/2021\/12\/Naslovna-2021-02.jpg\",\"contentUrl\":\"https:\/\/pravnizapisi.rs\/wp-content\/uploads\/2021\/12\/Naslovna-2021-02.jpg\"},{\"@type\":\"BreadcrumbList\",\"@id\":\"https:\/\/www.pravnizapisi.rs\/pravni-zapisi-2-2022\/9940-2\/#breadcrumb\",\"itemListElement\":[{\"@type\":\"ListItem\",\"position\":1,\"name\":\"\u041f\u043e\u0447\u0435\u0442\u043d\u0430\",\"item\":\"https:\/\/www.pravnizapisi.rs\/en\/\"},{\"@type\":\"ListItem\",\"position\":2,\"name\":\"Pravni zapisi 2\/2022\",\"item\":\"https:\/\/www.pravnizapisi.rs\/en\/pravni-zapisi-2-2022\/\"}]},{\"@type\":\"WebSite\",\"@id\":\"https:\/\/pravnizapisi.rs\/#website\",\"url\":\"https:\/\/pravnizapisi.rs\/\",\"name\":\"Pravni Zapisi\",\"description\":\"\",\"publisher\":{\"@id\":\"https:\/\/pravnizapisi.rs\/#organization\"},\"potentialAction\":[{\"@type\":\"SearchAction\",\"target\":{\"@type\":\"EntryPoint\",\"urlTemplate\":\"https:\/\/pravnizapisi.rs\/?s={search_term_string}\"},\"query-input\":{\"@type\":\"PropertyValueSpecification\",\"valueRequired\":true,\"valueName\":\"search_term_string\"}}],\"inLanguage\":\"en-US\"},{\"@type\":\"Organization\",\"@id\":\"https:\/\/pravnizapisi.rs\/#organization\",\"name\":\"Pravni Zapisi\",\"url\":\"https:\/\/pravnizapisi.rs\/\",\"logo\":{\"@type\":\"ImageObject\",\"inLanguage\":\"en-US\",\"@id\":\"https:\/\/pravnizapisi.rs\/#\/schema\/logo\/image\/\",\"url\":\"https:\/\/www.pravnizapisi.rs\/wp-content\/uploads\/2019\/11\/cropped-Header-logo-srb-1-1.jpg\",\"contentUrl\":\"https:\/\/www.pravnizapisi.rs\/wp-content\/uploads\/2019\/11\/cropped-Header-logo-srb-1-1.jpg\",\"width\":580,\"height\":80,\"caption\":\"Pravni Zapisi\"},\"image\":{\"@id\":\"https:\/\/pravnizapisi.rs\/#\/schema\/logo\/image\/\"}}]}<\/script>\n<!-- \/ Yoast SEO plugin. -->","yoast_head_json":{"title":"- Pravni Zapisi","robots":{"index":"index","follow":"follow","max-snippet":"max-snippet:-1","max-image-preview":"max-image-preview:large","max-video-preview":"max-video-preview:-1"},"canonical":"https:\/\/www.pravnizapisi.rs\/pravni-zapisi-2-2022\/9940-2\/","og_locale":"en_US","og_type":"article","og_title":"- Pravni Zapisi","og_description":"PRAVNI ZAPISI \u2022 Year XIII \u2022 No. 2 \u2022 pp. 560-576 RETHINKING LAND REGISTRATION IN XXI CENTURY SERBIA Milo\u0161 \u017divkovi\u0107 Professor of Law, University in Belgrade Law School, Belgrade e-mail: mdz@ius.bg.ac.rs \u00a0 . Pravni zapisi, No. 2\/2022, pp. 560-576 Original Scientific Article DOI: 10.5937\/pravzap0\u201340782 KEY WORDS land registration, real estate cadaster, registration by official duty ABSTRACT In the late XX century, Serbia changed its system of land registration from the land books, that were outdated and neglected during the socialist era, to unified cadaster, the REC. Due to historical circumstances and construction of the REC system, lawmakers had to resort [&hellip;]","og_url":"https:\/\/www.pravnizapisi.rs\/pravni-zapisi-2-2022\/9940-2\/","og_site_name":"Pravni Zapisi","article_modified_time":"2022-12-25T12:59:15+00:00","og_image":[{"url":"https:\/\/pravnizapisi.rs\/wp-content\/uploads\/2021\/12\/Naslovna-2021-02.jpg","type":"","width":"","height":""}],"twitter_card":"summary_large_image","twitter_misc":{"Est. reading time":"2 minutes"},"schema":{"@context":"https:\/\/schema.org","@graph":[{"@type":"WebPage","@id":"https:\/\/www.pravnizapisi.rs\/pravni-zapisi-2-2022\/9940-2\/","url":"https:\/\/www.pravnizapisi.rs\/pravni-zapisi-2-2022\/9940-2\/","name":"- Pravni Zapisi","isPartOf":{"@id":"https:\/\/pravnizapisi.rs\/#website"},"primaryImageOfPage":{"@id":"https:\/\/www.pravnizapisi.rs\/pravni-zapisi-2-2022\/9940-2\/#primaryimage"},"image":{"@id":"https:\/\/www.pravnizapisi.rs\/pravni-zapisi-2-2022\/9940-2\/#primaryimage"},"thumbnailUrl":"https:\/\/pravnizapisi.rs\/wp-content\/uploads\/2021\/12\/Naslovna-2021-02.jpg","datePublished":"2022-12-25T12:59:12+00:00","dateModified":"2022-12-25T12:59:15+00:00","breadcrumb":{"@id":"https:\/\/www.pravnizapisi.rs\/pravni-zapisi-2-2022\/9940-2\/#breadcrumb"},"inLanguage":"en-US","potentialAction":[{"@type":"ReadAction","target":["https:\/\/www.pravnizapisi.rs\/pravni-zapisi-2-2022\/9940-2\/"]}]},{"@type":"ImageObject","inLanguage":"en-US","@id":"https:\/\/www.pravnizapisi.rs\/pravni-zapisi-2-2022\/9940-2\/#primaryimage","url":"https:\/\/pravnizapisi.rs\/wp-content\/uploads\/2021\/12\/Naslovna-2021-02.jpg","contentUrl":"https:\/\/pravnizapisi.rs\/wp-content\/uploads\/2021\/12\/Naslovna-2021-02.jpg"},{"@type":"BreadcrumbList","@id":"https:\/\/www.pravnizapisi.rs\/pravni-zapisi-2-2022\/9940-2\/#breadcrumb","itemListElement":[{"@type":"ListItem","position":1,"name":"\u041f\u043e\u0447\u0435\u0442\u043d\u0430","item":"https:\/\/www.pravnizapisi.rs\/en\/"},{"@type":"ListItem","position":2,"name":"Pravni zapisi 2\/2022","item":"https:\/\/www.pravnizapisi.rs\/en\/pravni-zapisi-2-2022\/"}]},{"@type":"WebSite","@id":"https:\/\/pravnizapisi.rs\/#website","url":"https:\/\/pravnizapisi.rs\/","name":"Pravni Zapisi","description":"","publisher":{"@id":"https:\/\/pravnizapisi.rs\/#organization"},"potentialAction":[{"@type":"SearchAction","target":{"@type":"EntryPoint","urlTemplate":"https:\/\/pravnizapisi.rs\/?s={search_term_string}"},"query-input":{"@type":"PropertyValueSpecification","valueRequired":true,"valueName":"search_term_string"}}],"inLanguage":"en-US"},{"@type":"Organization","@id":"https:\/\/pravnizapisi.rs\/#organization","name":"Pravni Zapisi","url":"https:\/\/pravnizapisi.rs\/","logo":{"@type":"ImageObject","inLanguage":"en-US","@id":"https:\/\/pravnizapisi.rs\/#\/schema\/logo\/image\/","url":"https:\/\/www.pravnizapisi.rs\/wp-content\/uploads\/2019\/11\/cropped-Header-logo-srb-1-1.jpg","contentUrl":"https:\/\/www.pravnizapisi.rs\/wp-content\/uploads\/2019\/11\/cropped-Header-logo-srb-1-1.jpg","width":580,"height":80,"caption":"Pravni Zapisi"},"image":{"@id":"https:\/\/pravnizapisi.rs\/#\/schema\/logo\/image\/"}}]}},"_links":{"self":[{"href":"https:\/\/www.pravnizapisi.rs\/en\/wp-json\/wp\/v2\/pages\/9943","targetHints":{"allow":["GET"]}}],"collection":[{"href":"https:\/\/www.pravnizapisi.rs\/en\/wp-json\/wp\/v2\/pages"}],"about":[{"href":"https:\/\/www.pravnizapisi.rs\/en\/wp-json\/wp\/v2\/types\/page"}],"author":[{"embeddable":true,"href":"https:\/\/www.pravnizapisi.rs\/en\/wp-json\/wp\/v2\/users\/4"}],"replies":[{"embeddable":true,"href":"https:\/\/www.pravnizapisi.rs\/en\/wp-json\/wp\/v2\/comments?post=9943"}],"version-history":[{"count":0,"href":"https:\/\/www.pravnizapisi.rs\/en\/wp-json\/wp\/v2\/pages\/9943\/revisions"}],"up":[{"embeddable":true,"href":"https:\/\/www.pravnizapisi.rs\/en\/wp-json\/wp\/v2\/pages\/9854"}],"wp:attachment":[{"href":"https:\/\/www.pravnizapisi.rs\/en\/wp-json\/wp\/v2\/media?parent=9943"}],"curies":[{"name":"wp","href":"https:\/\/api.w.org\/{rel}","templated":true}]}}